{"id":10,"date":"2023-12-13T16:48:05","date_gmt":"2023-12-13T13:48:05","guid":{"rendered":"https:\/\/turkaymotors.com\/?page_id=10"},"modified":"2025-03-28T22:07:01","modified_gmt":"2025-03-28T19:07:01","slug":"home1","status":"publish","type":"page","link":"https:\/\/turkaymotors.com\/","title":{"rendered":"Home1"},"content":{"rendered":"\t\t<div data-elementor-type=\"wp-page\" data-elementor-id=\"10\" class=\"elementor elementor-10\" data-elementor-post-type=\"page\">\n\t\t\t\t<div class=\"elementor-element elementor-element-f5490c3 e-flex e-con-boxed e-con e-parent\" data-id=\"f5490c3\" data-element_type=\"container\">\n\t\t\t\t\t<div class=\"e-con-inner\">\n\t\t\t\t<div class=\"elementor-element elementor-element-4f6479c elementor-widget elementor-widget-image\" data-id=\"4f6479c\" data-element_type=\"widget\" data-widget_type=\"image.default\">\n\t\t\t\t<div class=\"elementor-widget-container\">\n\t\t\t<style>\/*! elementor - v3.23.0 - 05-08-2024 *\/\n.elementor-widget-image{text-align:center}.elementor-widget-image a{display:inline-block}.elementor-widget-image a img[src$=\".svg\"]{width:48px}.elementor-widget-image img{vertical-align:middle;display:inline-block}<\/style>\t\t\t\t\t\t\t\t\t\t\t<a href=\"https:\/\/www.turkaymotors.com\">\n\t\t\t\t\t\t\t<img fetchpriority=\"high\" decoding=\"async\" width=\"1920\" height=\"335\" src=\"https:\/\/turkaymotors.com\/wp-content\/uploads\/2024\/04\/logo.png\" class=\"attachment-full size-full wp-image-32\" alt=\"\" srcset=\"https:\/\/turkaymotors.com\/wp-content\/uploads\/2024\/04\/logo.png 1920w, https:\/\/turkaymotors.com\/wp-content\/uploads\/2024\/04\/logo-300x52.png 300w, https:\/\/turkaymotors.com\/wp-content\/uploads\/2024\/04\/logo-1024x179.png 1024w, https:\/\/turkaymotors.com\/wp-content\/uploads\/2024\/04\/logo-768x134.png 768w, https:\/\/turkaymotors.com\/wp-content\/uploads\/2024\/04\/logo-1536x268.png 1536w\" sizes=\"(max-width: 1920px) 100vw, 1920px\" \/>\t\t\t\t\t\t\t\t<\/a>\n\t\t\t\t\t\t\t\t\t\t\t\t\t<\/div>\n\t\t\t\t<\/div>\n\t\t\t\t<div class=\"elementor-element elementor-element-edd9fb2 elementor-widget elementor-widget-text-editor\" data-id=\"edd9fb2\" data-element_type=\"widget\" data-widget_type=\"text-editor.default\">\n\t\t\t\t<div class=\"elementor-widget-container\">\n\t\t\t<style>\/*! elementor - v3.23.0 - 05-08-2024 *\/\n.elementor-widget-text-editor.elementor-drop-cap-view-stacked .elementor-drop-cap{background-color:#69727d;color:#fff}.elementor-widget-text-editor.elementor-drop-cap-view-framed .elementor-drop-cap{color:#69727d;border:3px solid;background-color:transparent}.elementor-widget-text-editor:not(.elementor-drop-cap-view-default) .elementor-drop-cap{margin-top:8px}.elementor-widget-text-editor:not(.elementor-drop-cap-view-default) .elementor-drop-cap-letter{width:1em;height:1em}.elementor-widget-text-editor .elementor-drop-cap{float:left;text-align:center;line-height:1;font-size:50px}.elementor-widget-text-editor .elementor-drop-cap-letter{display:inline-block}<\/style>\t\t\t\t<p class=\"p1\" style=\"text-align: center;\"><span style=\"color: #ffffff;\">T\u00fcrkay Otomotiv Savunma Sanayi A.\u015e.<\/span><\/p><p style=\"text-align: center;\">\u00a0<\/p>\t\t\t\t\t\t<\/div>\n\t\t\t\t<\/div>\n\t\t\t\t\t<\/div>\n\t\t\t\t<\/div>\n\t\t<div class=\"elementor-element elementor-element-3c48127 e-flex e-con-boxed e-con e-parent\" data-id=\"3c48127\" data-element_type=\"container\">\n\t\t\t\t\t<div class=\"e-con-inner\">\n\t\t<div class=\"elementor-element elementor-element-f739469 e-con-full e-flex e-con e-child\" data-id=\"f739469\" data-element_type=\"container\">\n\t\t\t\t<div class=\"elementor-element elementor-element-15c7031 elementor-widget__width-inherit e-transform elementor-widget elementor-widget-image\" data-id=\"15c7031\" data-element_type=\"widget\" data-settings=\"{&quot;_transform_scale_effect&quot;:{&quot;unit&quot;:&quot;px&quot;,&quot;size&quot;:&quot;&quot;,&quot;sizes&quot;:[]},&quot;_transform_scale_effect_tablet&quot;:{&quot;unit&quot;:&quot;px&quot;,&quot;size&quot;:&quot;&quot;,&quot;sizes&quot;:[]},&quot;_transform_scale_effect_mobile&quot;:{&quot;unit&quot;:&quot;px&quot;,&quot;size&quot;:&quot;&quot;,&quot;sizes&quot;:[]}}\" data-widget_type=\"image.default\">\n\t\t\t\t<div class=\"elementor-widget-container\">\n\t\t\t\t\t\t\t\t\t\t\t\t\t<img decoding=\"async\" width=\"1920\" height=\"746\" src=\"https:\/\/turkaymotors.com\/wp-content\/uploads\/2024\/04\/hero.png\" class=\"attachment-full size-full wp-image-31\" alt=\"\" srcset=\"https:\/\/turkaymotors.com\/wp-content\/uploads\/2024\/04\/hero.png 1920w, https:\/\/turkaymotors.com\/wp-content\/uploads\/2024\/04\/hero-300x117.png 300w, https:\/\/turkaymotors.com\/wp-content\/uploads\/2024\/04\/hero-1024x398.png 1024w, https:\/\/turkaymotors.com\/wp-content\/uploads\/2024\/04\/hero-768x298.png 768w, https:\/\/turkaymotors.com\/wp-content\/uploads\/2024\/04\/hero-1536x597.png 1536w\" sizes=\"(max-width: 1920px) 100vw, 1920px\" \/>\t\t\t\t\t\t\t\t\t\t\t\t\t<\/div>\n\t\t\t\t<\/div>\n\t\t\t\t<\/div>\n\t\t<div class=\"elementor-element elementor-element-f139d93 e-con-full e-flex e-con e-child\" data-id=\"f139d93\" data-element_type=\"container\">\n\t\t\t\t<div class=\"elementor-element elementor-element-5a8c592 elementor-widget__width-inherit e-transform elementor-widget elementor-widget-image\" data-id=\"5a8c592\" data-element_type=\"widget\" data-settings=\"{&quot;_transform_scale_effect&quot;:{&quot;unit&quot;:&quot;px&quot;,&quot;size&quot;:&quot;&quot;,&quot;sizes&quot;:[]},&quot;_transform_scale_effect_tablet&quot;:{&quot;unit&quot;:&quot;px&quot;,&quot;size&quot;:&quot;&quot;,&quot;sizes&quot;:[]},&quot;_transform_scale_effect_mobile&quot;:{&quot;unit&quot;:&quot;px&quot;,&quot;size&quot;:&quot;&quot;,&quot;sizes&quot;:[]}}\" data-widget_type=\"image.default\">\n\t\t\t\t<div class=\"elementor-widget-container\">\n\t\t\t\t\t\t\t\t\t\t\t\t\t<img decoding=\"async\" width=\"1628\" height=\"461\" src=\"https:\/\/turkaymotors.com\/wp-content\/uploads\/2025\/03\/ExoticCars.png\" class=\"attachment-full size-full wp-image-99\" alt=\"\" srcset=\"https:\/\/turkaymotors.com\/wp-content\/uploads\/2025\/03\/ExoticCars.png 1628w, https:\/\/turkaymotors.com\/wp-content\/uploads\/2025\/03\/ExoticCars-300x85.png 300w, https:\/\/turkaymotors.com\/wp-content\/uploads\/2025\/03\/ExoticCars-1024x290.png 1024w, https:\/\/turkaymotors.com\/wp-content\/uploads\/2025\/03\/ExoticCars-768x217.png 768w, https:\/\/turkaymotors.com\/wp-content\/uploads\/2025\/03\/ExoticCars-1536x435.png 1536w\" sizes=\"(max-width: 1628px) 100vw, 1628px\" \/>\t\t\t\t\t\t\t\t\t\t\t\t\t<\/div>\n\t\t\t\t<\/div>\n\t\t\t\t<\/div>\n\t\t\t\t\t<\/div>\n\t\t\t\t<\/div>\n\t\t<div class=\"elementor-element elementor-element-139cbd8 e-flex e-con-boxed e-con e-parent\" data-id=\"139cbd8\" data-element_type=\"container\">\n\t\t\t\t\t<div class=\"e-con-inner\">\n\t\t\t\t<div class=\"elementor-element elementor-element-7e4882b elementor-widget-divider--view-line elementor-widget elementor-widget-divider\" data-id=\"7e4882b\" data-element_type=\"widget\" data-widget_type=\"divider.default\">\n\t\t\t\t<div class=\"elementor-widget-container\">\n\t\t\t<style>\/*! elementor - v3.23.0 - 05-08-2024 *\/\n.elementor-widget-divider{--divider-border-style:none;--divider-border-width:1px;--divider-color:#0c0d0e;--divider-icon-size:20px;--divider-element-spacing:10px;--divider-pattern-height:24px;--divider-pattern-size:20px;--divider-pattern-url:none;--divider-pattern-repeat:repeat-x}.elementor-widget-divider .elementor-divider{display:flex}.elementor-widget-divider .elementor-divider__text{font-size:15px;line-height:1;max-width:95%}.elementor-widget-divider .elementor-divider__element{margin:0 var(--divider-element-spacing);flex-shrink:0}.elementor-widget-divider .elementor-icon{font-size:var(--divider-icon-size)}.elementor-widget-divider .elementor-divider-separator{display:flex;margin:0;direction:ltr}.elementor-widget-divider--view-line_icon .elementor-divider-separator,.elementor-widget-divider--view-line_text .elementor-divider-separator{align-items:center}.elementor-widget-divider--view-line_icon .elementor-divider-separator:after,.elementor-widget-divider--view-line_icon .elementor-divider-separator:before,.elementor-widget-divider--view-line_text .elementor-divider-separator:after,.elementor-widget-divider--view-line_text .elementor-divider-separator:before{display:block;content:\"\";border-block-end:0;flex-grow:1;border-block-start:var(--divider-border-width) var(--divider-border-style) var(--divider-color)}.elementor-widget-divider--element-align-left .elementor-divider .elementor-divider-separator>.elementor-divider__svg:first-of-type{flex-grow:0;flex-shrink:100}.elementor-widget-divider--element-align-left .elementor-divider-separator:before{content:none}.elementor-widget-divider--element-align-left .elementor-divider__element{margin-left:0}.elementor-widget-divider--element-align-right .elementor-divider .elementor-divider-separator>.elementor-divider__svg:last-of-type{flex-grow:0;flex-shrink:100}.elementor-widget-divider--element-align-right .elementor-divider-separator:after{content:none}.elementor-widget-divider--element-align-right .elementor-divider__element{margin-right:0}.elementor-widget-divider--element-align-start .elementor-divider .elementor-divider-separator>.elementor-divider__svg:first-of-type{flex-grow:0;flex-shrink:100}.elementor-widget-divider--element-align-start .elementor-divider-separator:before{content:none}.elementor-widget-divider--element-align-start .elementor-divider__element{margin-inline-start:0}.elementor-widget-divider--element-align-end .elementor-divider .elementor-divider-separator>.elementor-divider__svg:last-of-type{flex-grow:0;flex-shrink:100}.elementor-widget-divider--element-align-end .elementor-divider-separator:after{content:none}.elementor-widget-divider--element-align-end .elementor-divider__element{margin-inline-end:0}.elementor-widget-divider:not(.elementor-widget-divider--view-line_text):not(.elementor-widget-divider--view-line_icon) .elementor-divider-separator{border-block-start:var(--divider-border-width) var(--divider-border-style) var(--divider-color)}.elementor-widget-divider--separator-type-pattern{--divider-border-style:none}.elementor-widget-divider--separator-type-pattern.elementor-widget-divider--view-line .elementor-divider-separator,.elementor-widget-divider--separator-type-pattern:not(.elementor-widget-divider--view-line) .elementor-divider-separator:after,.elementor-widget-divider--separator-type-pattern:not(.elementor-widget-divider--view-line) .elementor-divider-separator:before,.elementor-widget-divider--separator-type-pattern:not([class*=elementor-widget-divider--view]) .elementor-divider-separator{width:100%;min-height:var(--divider-pattern-height);-webkit-mask-size:var(--divider-pattern-size) 100%;mask-size:var(--divider-pattern-size) 100%;-webkit-mask-repeat:var(--divider-pattern-repeat);mask-repeat:var(--divider-pattern-repeat);background-color:var(--divider-color);-webkit-mask-image:var(--divider-pattern-url);mask-image:var(--divider-pattern-url)}.elementor-widget-divider--no-spacing{--divider-pattern-size:auto}.elementor-widget-divider--bg-round{--divider-pattern-repeat:round}.rtl .elementor-widget-divider .elementor-divider__text{direction:rtl}.e-con-inner>.elementor-widget-divider,.e-con>.elementor-widget-divider{width:var(--container-widget-width,100%);--flex-grow:var(--container-widget-flex-grow)}<\/style>\t\t<div class=\"elementor-divider\">\n\t\t\t<span class=\"elementor-divider-separator\">\n\t\t\t\t\t\t<\/span>\n\t\t<\/div>\n\t\t\t\t<\/div>\n\t\t\t\t<\/div>\n\t\t\t\t<div class=\"elementor-element elementor-element-7131f1f elementor-widget elementor-widget-heading\" data-id=\"7131f1f\" data-element_type=\"widget\" data-widget_type=\"heading.default\">\n\t\t\t\t<div class=\"elementor-widget-container\">\n\t\t\t<style>\/*! elementor - v3.23.0 - 05-08-2024 *\/\n.elementor-heading-title{padding:0;margin:0;line-height:1}.elementor-widget-heading .elementor-heading-title[class*=elementor-size-]>a{color:inherit;font-size:inherit;line-height:inherit}.elementor-widget-heading .elementor-heading-title.elementor-size-small{font-size:15px}.elementor-widget-heading .elementor-heading-title.elementor-size-medium{font-size:19px}.elementor-widget-heading .elementor-heading-title.elementor-size-large{font-size:29px}.elementor-widget-heading .elementor-heading-title.elementor-size-xl{font-size:39px}.elementor-widget-heading .elementor-heading-title.elementor-size-xxl{font-size:59px}<\/style><h2 class=\"elementor-heading-title elementor-size-default\">www.TurkayMotors.com<\/h2>\t\t<\/div>\n\t\t\t\t<\/div>\n\t\t\t\t\t<\/div>\n\t\t\t\t<\/div>\n\t\t<div class=\"elementor-element elementor-element-8d581af e-flex e-con-boxed e-con e-parent\" data-id=\"8d581af\" data-element_type=\"container\">\n\t\t\t\t\t<div class=\"e-con-inner\">\n\t\t\t\t<div class=\"elementor-element elementor-element-09a2236 elementor-widget elementor-widget-heading\" data-id=\"09a2236\" data-element_type=\"widget\" data-widget_type=\"heading.default\">\n\t\t\t\t<div class=\"elementor-widget-container\">\n\t\t\t<h2 class=\"elementor-heading-title elementor-size-default\">Marka ba\u011f\u0131ms\u0131z yedek par\u00e7a tedari\u011fi i\u00e7in pazaryeri ma\u011fazalar\u0131m\u0131z\u0131 ziyaret edebilirsiniz.<\/h2>\t\t<\/div>\n\t\t\t\t<\/div>\n\t\t\t\t\t<\/div>\n\t\t\t\t<\/div>\n\t\t<div class=\"elementor-element elementor-element-f5bee7b e-flex e-con-boxed e-con e-parent\" data-id=\"f5bee7b\" data-element_type=\"container\">\n\t\t\t\t\t<div class=\"e-con-inner\">\n\t\t<div class=\"elementor-element elementor-element-ae7bd8e e-con-full e-flex e-con e-child\" data-id=\"ae7bd8e\" data-element_type=\"container\">\n\t\t\t\t<div class=\"elementor-element elementor-element-a4a4c6e elementor-widget elementor-widget-image\" data-id=\"a4a4c6e\" data-element_type=\"widget\" data-widget_type=\"image.default\">\n\t\t\t\t<div class=\"elementor-widget-container\">\n\t\t\t\t\t\t\t\t\t\t\t\t\t\t<a href=\"https:\/\/www.trendyol.com\/magaza\/turkay-motors-m-513306?sst=0\" target=\"_blank\">\n\t\t\t\t\t\t\t<img loading=\"lazy\" decoding=\"async\" width=\"178\" height=\"68\" src=\"https:\/\/turkaymotors.com\/wp-content\/uploads\/2025\/03\/trendyol-turkaymotors.png\" class=\"attachment-full size-full wp-image-84\" alt=\"\" \/>\t\t\t\t\t\t\t\t<\/a>\n\t\t\t\t\t\t\t\t\t\t\t\t\t<\/div>\n\t\t\t\t<\/div>\n\t\t\t\t<\/div>\n\t\t<div class=\"elementor-element elementor-element-e8c23b6 e-con-full e-flex e-con e-child\" data-id=\"e8c23b6\" data-element_type=\"container\">\n\t\t\t\t<div class=\"elementor-element elementor-element-4980de8 elementor-widget elementor-widget-image\" data-id=\"4980de8\" data-element_type=\"widget\" data-widget_type=\"image.default\">\n\t\t\t\t<div class=\"elementor-widget-container\">\n\t\t\t\t\t\t\t\t\t\t\t\t\t\t<a href=\"https:\/\/www.hepsiburada.com\/magaza\/turkay-otomotiv\" target=\"_blank\">\n\t\t\t\t\t\t\t<img loading=\"lazy\" decoding=\"async\" width=\"178\" height=\"66\" src=\"https:\/\/turkaymotors.com\/wp-content\/uploads\/2025\/03\/hepsiburada-turkaymotors.png\" class=\"attachment-full size-full wp-image-83\" alt=\"\" \/>\t\t\t\t\t\t\t\t<\/a>\n\t\t\t\t\t\t\t\t\t\t\t\t\t<\/div>\n\t\t\t\t<\/div>\n\t\t\t\t<\/div>\n\t\t\t\t\t<\/div>\n\t\t\t\t<\/div>\n\t\t<div class=\"elementor-element elementor-element-c1e3a6a e-flex e-con-boxed e-con e-parent\" data-id=\"c1e3a6a\" data-element_type=\"container\">\n\t\t\t\t\t<div class=\"e-con-inner\">\n\t\t\t\t<div class=\"elementor-element elementor-element-6d87fcc elementor-widget elementor-widget-text-editor\" data-id=\"6d87fcc\" data-element_type=\"widget\" data-widget_type=\"text-editor.default\">\n\t\t\t\t<div class=\"elementor-widget-container\">\n\t\t\t\t\t\t\t<p style=\"text-align: center;\"><strong>Adres:<\/strong> Bah\u00e7elievler mahallesi Adnan menderes bulvar\u0131, <br \/>Ma\u015fallah Soka\u011f\u0131 no :1, 34893 Pendik \/ \u0130stanbul<\/p><p style=\"text-align: center;\">Gsm1 \/ Whatsapp: 0532 281 14 83<br \/>Gsm2 \/ Whatsapp<strong>:<\/strong> <span aria-label=\"0532 509 30 61 Numaral\u0131 Telefonu Ara\">0<\/span><span aria-label=\"0532 509 30 61 Numaral\u0131 Telefonu Ara\">532 509 30 61<\/span><\/p>\t\t\t\t\t\t<\/div>\n\t\t\t\t<\/div>\n\t\t\t\t\t<\/div>\n\t\t\t\t<\/div>\n\t\t<div class=\"elementor-element elementor-element-a618429 e-con-full e-transform e-flex e-con e-parent\" data-id=\"a618429\" data-element_type=\"container\" data-settings=\"{&quot;_transform_scale_effect&quot;:{&quot;unit&quot;:&quot;px&quot;,&quot;size&quot;:&quot;&quot;,&quot;sizes&quot;:[]},&quot;_transform_scale_effect_tablet&quot;:{&quot;unit&quot;:&quot;px&quot;,&quot;size&quot;:&quot;&quot;,&quot;sizes&quot;:[]},&quot;_transform_scale_effect_mobile&quot;:{&quot;unit&quot;:&quot;px&quot;,&quot;size&quot;:&quot;&quot;,&quot;sizes&quot;:[]}}\">\n\t\t\t\t<div class=\"elementor-element elementor-element-e349b88 elementor-widget__width-inherit elementor-widget elementor-widget-image\" data-id=\"e349b88\" data-element_type=\"widget\" data-widget_type=\"image.default\">\n\t\t\t\t<div class=\"elementor-widget-container\">\n\t\t\t\t\t\t\t\t\t\t\t\t\t<img loading=\"lazy\" decoding=\"async\" width=\"1849\" height=\"356\" src=\"https:\/\/turkaymotors.com\/wp-content\/uploads\/2024\/08\/logolar1.png\" class=\"attachment-full size-full wp-image-51\" alt=\"\" srcset=\"https:\/\/turkaymotors.com\/wp-content\/uploads\/2024\/08\/logolar1.png 1849w, https:\/\/turkaymotors.com\/wp-content\/uploads\/2024\/08\/logolar1-300x58.png 300w, https:\/\/turkaymotors.com\/wp-content\/uploads\/2024\/08\/logolar1-1024x197.png 1024w, https:\/\/turkaymotors.com\/wp-content\/uploads\/2024\/08\/logolar1-768x148.png 768w, https:\/\/turkaymotors.com\/wp-content\/uploads\/2024\/08\/logolar1-1536x296.png 1536w\" sizes=\"(max-width: 1849px) 100vw, 1849px\" \/>\t\t\t\t\t\t\t\t\t\t\t\t\t<\/div>\n\t\t\t\t<\/div>\n\t\t\t\t<\/div>\n\t\t<div class=\"elementor-element elementor-element-6e9d02b e-flex e-con-boxed e-con e-parent\" data-id=\"6e9d02b\" data-element_type=\"container\">\n\t\t\t\t\t<div class=\"e-con-inner\">\n\t\t\t\t<div class=\"elementor-element elementor-element-b9d9e90 elementor-widget elementor-widget-image\" data-id=\"b9d9e90\" data-element_type=\"widget\" data-widget_type=\"image.default\">\n\t\t\t\t<div class=\"elementor-widget-container\">\n\t\t\t\t\t\t\t\t\t\t\t\t\t<img loading=\"lazy\" decoding=\"async\" width=\"770\" height=\"999\" src=\"https:\/\/turkaymotors.com\/wp-content\/uploads\/2025\/03\/yetkili-egzoz-emisyon.jpeg\" class=\"attachment-full size-full wp-image-103\" alt=\"\" srcset=\"https:\/\/turkaymotors.com\/wp-content\/uploads\/2025\/03\/yetkili-egzoz-emisyon.jpeg 770w, https:\/\/turkaymotors.com\/wp-content\/uploads\/2025\/03\/yetkili-egzoz-emisyon-231x300.jpeg 231w, https:\/\/turkaymotors.com\/wp-content\/uploads\/2025\/03\/yetkili-egzoz-emisyon-768x996.jpeg 768w\" sizes=\"(max-width: 770px) 100vw, 770px\" \/>\t\t\t\t\t\t\t\t\t\t\t\t\t<\/div>\n\t\t\t\t<\/div>\n\t\t\t\t\t<\/div>\n\t\t\t\t<\/div>\n\t\t\t\t<\/div>\n\t\t","protected":false},"excerpt":{"rendered":"<p>T\u00fcrkay Otomotiv Savunma Sanayi A.\u015e. \u00a0 www.TurkayMotors.com Marka ba\u011f\u0131ms\u0131z yedek par\u00e7a tedari\u011fi i\u00e7in pazaryeri ma\u011fazalar\u0131m\u0131z\u0131 ziyaret edebilirsiniz. Adres: Bah\u00e7elievler mahallesi Adnan menderes bulvar\u0131, Ma\u015fallah Soka\u011f\u0131 no :1, 34893 Pendik \/ \u0130stanbul Gsm1 \/ Whatsapp: 0532 281 14 83Gsm2 \/ Whatsapp: 0532 509 30 61<\/p>\n","protected":false},"author":1,"featured_media":0,"parent":0,"menu_order":0,"comment_status":"closed","ping_status":"closed","template":"elementor_canvas","meta":{"footnotes":""},"aioseo_notices":[],"_links":{"self":[{"href":"https:\/\/turkaymotors.com\/index.php\/wp-json\/wp\/v2\/pages\/10"}],"collection":[{"href":"https:\/\/turkaymotors.com\/index.php\/wp-json\/wp\/v2\/pages"}],"about":[{"href":"https:\/\/turkaymotors.com\/index.php\/wp-json\/wp\/v2\/types\/page"}],"author":[{"embeddable":true,"href":"https:\/\/turkaymotors.com\/index.php\/wp-json\/wp\/v2\/users\/1"}],"replies":[{"embeddable":true,"href":"https:\/\/turkaymotors.com\/index.php\/wp-json\/wp\/v2\/comments?post=10"}],"version-history":[{"count":64,"href":"https:\/\/turkaymotors.com\/index.php\/wp-json\/wp\/v2\/pages\/10\/revisions"}],"predecessor-version":[{"id":106,"href":"https:\/\/turkaymotors.com\/index.php\/wp-json\/wp\/v2\/pages\/10\/revisions\/106"}],"wp:attachment":[{"href":"https:\/\/turkaymotors.com\/index.php\/wp-json\/wp\/v2\/media?parent=10"}],"curies":[{"name":"wp","href":"https:\/\/api.w.org\/{rel}","templated":true}]}}